{"id":2452,"date":"2025-05-30T10:46:38","date_gmt":"2025-05-30T09:46:38","guid":{"rendered":"https:\/\/marketingcomline.com\/?page_id=2452"},"modified":"2025-06-02T12:17:41","modified_gmt":"2025-06-02T11:17:41","slug":"google-ads","status":"publish","type":"page","link":"https:\/\/marketingcomline.com\/ca\/google-ads\/","title":{"rendered":"GOOGLE ADS"},"content":{"rendered":"\t\t<div data-elementor-type=\"wp-page\" data-elementor-id=\"2452\" class=\"elementor elementor-2452 elementor-135\" data-elementor-post-type=\"page\">\n\t\t\t\t<div class=\"elementor-element elementor-element-515cb0a e-flex e-con-boxed e-con e-parent\" data-id=\"515cb0a\" data-element_type=\"container\" data-e-type=\"container\" data-settings=\"{&quot;background_background&quot;:&quot;classic&quot;}\">\n\t\t\t\t\t<div class=\"e-con-inner\">\n\t\t<div class=\"elementor-element elementor-element-fd01666 e-con-full e-flex e-con e-child\" data-id=\"fd01666\" data-element_type=\"container\" data-e-type=\"container\" data-settings=\"{&quot;background_background&quot;:&quot;classic&quot;}\">\n\t\t\t\t<div class=\"elementor-element elementor-element-a072dcd elementor-widget elementor-widget-image\" data-id=\"a072dcd\" data-element_type=\"widget\" data-e-type=\"widget\" data-widget_type=\"image.default\">\n\t\t\t\t<div class=\"elementor-widget-container\">\n\t\t\t\t\t\t\t\t\t\t\t\t\t\t\t<img fetchpriority=\"high\" decoding=\"async\" width=\"640\" height=\"640\" src=\"https:\/\/marketingcomline.com\/wp-content\/uploads\/2025\/05\/ADS.png\" class=\"attachment-large size-large wp-image-1375\" alt=\"Ilustraci\u00f3n de un profesional gestionando campa\u00f1as de Google Ads desde su port\u00e1til, con iconos de anuncios, conversi\u00f3n y crecimiento\" srcset=\"https:\/\/marketingcomline.com\/wp-content\/uploads\/2025\/05\/ADS.png 1024w, https:\/\/marketingcomline.com\/wp-content\/uploads\/2025\/05\/ADS-300x300.png 300w, https:\/\/marketingcomline.com\/wp-content\/uploads\/2025\/05\/ADS-150x150.png 150w, https:\/\/marketingcomline.com\/wp-content\/uploads\/2025\/05\/ADS-768x768.png 768w\" sizes=\"(max-width: 640px) 100vw, 640px\" \/>\t\t\t\t\t\t\t\t\t\t\t\t\t\t\t<\/div>\n\t\t\t\t<\/div>\n\t\t\t\t<\/div>\n\t\t<div class=\"elementor-element elementor-element-5f27bcf e-con-full e-flex e-con e-child\" data-id=\"5f27bcf\" data-element_type=\"container\" data-e-type=\"container\">\n\t\t\t\t<div class=\"elementor-element elementor-element-17ee322 elementor-widget__width-initial elementor-widget elementor-widget-heading\" data-id=\"17ee322\" data-element_type=\"widget\" data-e-type=\"widget\" data-widget_type=\"heading.default\">\n\t\t\t\t<div class=\"elementor-widget-container\">\n\t\t\t\t\t<h1 class=\"elementor-heading-title elementor-size-default\">Google Ads i campanyes SEM<\/h1>\t\t\t\t<\/div>\n\t\t\t\t<\/div>\n\t\t\t\t<div class=\"elementor-element elementor-element-b2f279e elementor-widget-mobile__width-initial elementor-widget elementor-widget-text-editor\" data-id=\"b2f279e\" data-element_type=\"widget\" data-e-type=\"widget\" data-widget_type=\"text-editor.default\">\n\t\t\t\t<div class=\"elementor-widget-container\">\n\t\t\t\t\t\t\t\t\t<h2>Campanyes de Google Ads i marketing en l\u00ednia<\/h2>\t\t\t\t\t\t\t\t<\/div>\n\t\t\t\t<\/div>\n\t\t\t\t<\/div>\n\t\t\t\t\t<\/div>\n\t\t\t\t<\/div>\n\t\t<div class=\"elementor-element elementor-element-49526f8 elementor-hidden-desktop elementor-hidden-tablet elementor-hidden-mobile e-flex e-con-boxed e-con e-parent\" data-id=\"49526f8\" data-element_type=\"container\" data-e-type=\"container\">\n\t\t\t\t\t<div class=\"e-con-inner\">\n\t\t\t\t<div class=\"elementor-element elementor-element-8984e36 elementor-widget elementor-widget-html\" data-id=\"8984e36\" data-element_type=\"widget\" data-e-type=\"widget\" data-widget_type=\"html.default\">\n\t\t\t\t<div class=\"elementor-widget-container\">\n\t\t\t\t\t<h1>\n  Google <span>ADS<\/span> y campa\u00f1as SEM\n<\/h1>\n\t\t\t\t<\/div>\n\t\t\t\t<\/div>\n\t\t\t\t<div class=\"elementor-element elementor-element-87f43a3 elementor-widget-mobile__width-initial elementor-widget elementor-widget-text-editor\" data-id=\"87f43a3\" data-element_type=\"widget\" data-e-type=\"widget\" data-widget_type=\"text-editor.default\">\n\t\t\t\t<div class=\"elementor-widget-container\">\n\t\t\t\t\t\t\t\t\t<p>Campa\u00f1as de <strong>Google Ads<\/strong> y marketing online.<\/p><p>Configuramos campa\u00f1as y estrategias de marketing online para atraer a tus potenciales clientes y convierte clics en ventas. Con nuestras campa\u00f1as de Google Ads podr\u00e1s maximizar tu presencia online y aumentar la visibilidad de tu negocio.<\/p>\t\t\t\t\t\t\t\t<\/div>\n\t\t\t\t<\/div>\n\t\t\t\t<div class=\"elementor-element elementor-element-3604c20 elementor-widget elementor-widget-image\" data-id=\"3604c20\" data-element_type=\"widget\" data-e-type=\"widget\" data-widget_type=\"image.default\">\n\t\t\t\t<div class=\"elementor-widget-container\">\n\t\t\t\t\t\t\t\t\t\t\t\t\t\t\t<img decoding=\"async\" width=\"640\" height=\"332\" src=\"https:\/\/marketingcomline.com\/wp-content\/uploads\/2025\/02\/google-ads-mallorca.png\" class=\"attachment-large size-large wp-image-718\" alt=\"Google Ads en Mallorca\" srcset=\"https:\/\/marketingcomline.com\/wp-content\/uploads\/2025\/02\/google-ads-mallorca.png 819w, https:\/\/marketingcomline.com\/wp-content\/uploads\/2025\/02\/google-ads-mallorca-300x156.png 300w, https:\/\/marketingcomline.com\/wp-content\/uploads\/2025\/02\/google-ads-mallorca-768x399.png 768w\" sizes=\"(max-width: 640px) 100vw, 640px\" \/>\t\t\t\t\t\t\t\t\t\t\t\t\t\t\t<\/div>\n\t\t\t\t<\/div>\n\t\t\t\t<div class=\"elementor-element elementor-element-8ef6278 elementor-widget-mobile__width-initial elementor-widget elementor-widget-text-editor\" data-id=\"8ef6278\" data-element_type=\"widget\" data-e-type=\"widget\" data-widget_type=\"text-editor.default\">\n\t\t\t\t<div class=\"elementor-widget-container\">\n\t\t\t\t\t\t\t\t\t<h2>Planificador de palabras clave<\/h2><p>En <strong>Marketing Comline<\/strong> analizamos las tendencias de b\u00fasqueda de los usuarios, evaluamos la competencia y optimizamos nuestra campa\u00f1a para obtener los mejores resultados al menor coste para el cliente.<\/p><h3>Campa\u00f1as de b\u00fasqueda<\/h3><p>Realizamos campa\u00f1as por palabras que se muestran al principio de los resultados de las b\u00fasquedas. Estos anuncios se muestran seg\u00fan las b\u00fasquedas de los usuarios y los resultados o clics suelen ser rentables. La optimizaci\u00f3n y valoraci\u00f3n del anuncio son factores que ayudan a obtener mejores posiciones a precio por clic (PPC) m\u00e1s barato.<\/p><h3>Campa\u00f1as de display<\/h3><p>Con las campa\u00f1as de display obtenemos much\u00edsimas m\u00e1s visualizaciones y son muy efectivas para dirigir tr\u00e1fico hacia la web y para hacer campa\u00f1as corporativas de marca. En Marketing Comline colocamos nuestros anuncios de display en las principales p\u00e1ginas del sector del cliente.<\/p>\t\t\t\t\t\t\t\t<\/div>\n\t\t\t\t<\/div>\n\t\t\t\t\t<\/div>\n\t\t\t\t<\/div>\n\t\t<div class=\"elementor-element elementor-element-a212015 e-flex e-con-boxed e-con e-parent\" data-id=\"a212015\" data-element_type=\"container\" data-e-type=\"container\">\n\t\t\t\t\t<div class=\"e-con-inner\">\n\t\t\t\t<div class=\"elementor-element elementor-element-3f57466 elementor-widget elementor-widget-heading\" data-id=\"3f57466\" data-element_type=\"widget\" data-e-type=\"widget\" data-widget_type=\"heading.default\">\n\t\t\t\t<div class=\"elementor-widget-container\">\n\t\t\t\t\t<h2 class=\"elementor-heading-title elementor-size-default\"> Campanyes de Google Ads i publicitat en l\u00ednia a Mallorca<\/h2>\t\t\t\t<\/div>\n\t\t\t\t<\/div>\n\t\t\t\t<div class=\"elementor-element elementor-element-bc93c25 elementor-widget elementor-widget-text-editor\" data-id=\"bc93c25\" data-element_type=\"widget\" data-e-type=\"widget\" data-widget_type=\"text-editor.default\">\n\t\t\t\t<div class=\"elementor-widget-container\">\n\t\t\t\t\t\t\t\t\t<p data-start=\"1357\" data-end=\"1618\">A Marketing Comline dissenyem campanyes de pagament a Google que ajuden el teu negoci a guanyar visibilitat des del primer clic. Creem estrat\u00e8gies a mida perqu\u00e8 cada euro invertit tingui un retorn real, ja sigui atraient nous clients o refor\u00e7ant la teva marca.<\/p>\t\t\t\t\t\t\t\t<\/div>\n\t\t\t\t<\/div>\n\t\t\t\t\t<\/div>\n\t\t\t\t<\/div>\n\t\t<div class=\"elementor-element elementor-element-0339d73 e-flex e-con-boxed e-con e-parent\" data-id=\"0339d73\" data-element_type=\"container\" data-e-type=\"container\">\n\t\t\t\t\t<div class=\"e-con-inner\">\n\t\t<div class=\"elementor-element elementor-element-58e7d14 e-con-full e-flex e-con e-child\" data-id=\"58e7d14\" data-element_type=\"container\" data-e-type=\"container\">\n\t\t\t\t<div class=\"elementor-element elementor-element-8823f03 elementor-widget elementor-widget-text-editor\" data-id=\"8823f03\" data-element_type=\"widget\" data-e-type=\"widget\" data-widget_type=\"text-editor.default\">\n\t\t\t\t<div class=\"elementor-widget-container\">\n\t\t\t\t\t\t\t\t\t<h2><strong data-start=\"585\" data-end=\"618\">Planificador de paraules clau<\/strong><\/h2><h3>Investigaci\u00f3 i selecci\u00f3 de paraules clau<\/h3><p>Analitzem les cerques reals dels teus clients potencials, estudiem la compet\u00e8ncia i triem les millors paraules clau per maximitzar resultats amb el menor cost possible. Tot aix\u00f2 utilitzant eines com el Planificador de Paraules Clau de Google i altres solucions professionals.<\/p>\t\t\t\t\t\t\t\t<\/div>\n\t\t\t\t<\/div>\n\t\t\t\t<\/div>\n\t\t\t\t\t<\/div>\n\t\t\t\t<\/div>\n\t\t<div class=\"elementor-element elementor-element-c9f138b e-flex e-con-boxed e-con e-parent\" data-id=\"c9f138b\" data-element_type=\"container\" data-e-type=\"container\">\n\t\t\t\t\t<div class=\"e-con-inner\">\n\t\t<div class=\"elementor-element elementor-element-1e4a801 e-con-full e-flex e-con e-child\" data-id=\"1e4a801\" data-element_type=\"container\" data-e-type=\"container\">\n\t\t\t\t<div class=\"elementor-element elementor-element-7d92bbf elementor-widget elementor-widget-text-editor\" data-id=\"7d92bbf\" data-element_type=\"widget\" data-e-type=\"widget\" data-widget_type=\"text-editor.default\">\n\t\t\t\t<div class=\"elementor-widget-container\">\n\t\t\t\t\t\t\t\t\t<h2><strong data-start=\"949\" data-end=\"971\">Campanyes de cerca<\/strong><\/h2><h3>Anuncis als resultats de Google (campanyes de cerca)<\/h3><p>Creem campanyes basades en cerques reals, perqu\u00e8 el teu anunci aparegui just quan alg\u00fa est\u00e0 buscant el que ofereixes. Treballem la qualitat de l\u2019anunci i l\u2019estructura de les pujades per aconseguir el millor posicionament amb un cost per clic optimitzat (PPC).<\/p>\t\t\t\t\t\t\t\t<\/div>\n\t\t\t\t<\/div>\n\t\t\t\t<\/div>\n\t\t\t\t\t<\/div>\n\t\t\t\t<\/div>\n\t\t<div class=\"elementor-element elementor-element-63bcac9 e-flex e-con-boxed e-con e-parent\" data-id=\"63bcac9\" data-element_type=\"container\" data-e-type=\"container\">\n\t\t\t\t\t<div class=\"e-con-inner\">\n\t\t<div class=\"elementor-element elementor-element-250d457 e-con-full e-flex e-con e-child\" data-id=\"250d457\" data-element_type=\"container\" data-e-type=\"container\">\n\t\t\t\t<div class=\"elementor-element elementor-element-f9f4746 elementor-widget elementor-widget-text-editor\" data-id=\"f9f4746\" data-element_type=\"widget\" data-e-type=\"widget\" data-widget_type=\"text-editor.default\">\n\t\t\t\t<div class=\"elementor-widget-container\">\n\t\t\t\t\t\t\t\t\t<h2><strong data-start=\"1298\" data-end=\"1322\">Campanyes de display<\/strong><\/h2><h3>Publicitat gr\u00e0fica en mitjans i portals digitals (campanyes de display)<\/h3><p>Amb les campanyes de display aconseguim molt\u00edssimes m\u00e9s visualitzacions i s\u00f3n molt efectives per dirigir tr\u00e0nsit cap a la web i fer campanyes corporatives de marca. A Marketing Comline col\u00b7loquem els nostres anuncis de display a les principals p\u00e0gines del sector del client.<\/p>\t\t\t\t\t\t\t\t<\/div>\n\t\t\t\t<\/div>\n\t\t\t\t<\/div>\n\t\t\t\t\t<\/div>\n\t\t\t\t<\/div>\n\t\t<div class=\"elementor-element elementor-element-6c6d911 e-flex e-con-boxed e-con e-parent\" data-id=\"6c6d911\" data-element_type=\"container\" data-e-type=\"container\">\n\t\t\t\t\t<div class=\"e-con-inner\">\n\t\t<div class=\"elementor-element elementor-element-d90b75c e-con-full e-flex e-con e-child\" data-id=\"d90b75c\" data-element_type=\"container\" data-e-type=\"container\" data-settings=\"{&quot;background_background&quot;:&quot;classic&quot;}\">\n\t\t<div class=\"elementor-element elementor-element-de99121 e-con-full e-flex e-con e-child\" data-id=\"de99121\" data-element_type=\"container\" data-e-type=\"container\">\n\t\t\t\t<div class=\"elementor-element elementor-element-e3f3e83 elementor-widget elementor-widget-heading\" data-id=\"e3f3e83\" data-element_type=\"widget\" data-e-type=\"widget\" data-widget_type=\"heading.default\">\n\t\t\t\t<div class=\"elementor-widget-container\">\n\t\t\t\t\t<h2 class=\"elementor-heading-title elementor-size-default\">Preparat per multiplicar la teva visibilitat en l\u00ednia?<\/h2>\t\t\t\t<\/div>\n\t\t\t\t<\/div>\n\t\t\t\t<div class=\"elementor-element elementor-element-af22197 elementor-widget elementor-widget-text-editor\" data-id=\"af22197\" data-element_type=\"widget\" data-e-type=\"widget\" data-widget_type=\"text-editor.default\">\n\t\t\t\t<div class=\"elementor-widget-container\">\n\t\t\t\t\t\t\t\t\t<p>T\u2019assessorem sense comprom\u00eds i t\u2019ajudem a trobar la millor soluci\u00f3 per al teu negoci.<\/p>\t\t\t\t\t\t\t\t<\/div>\n\t\t\t\t<\/div>\n\t\t\t\t<\/div>\n\t\t<div class=\"elementor-element elementor-element-ef84b70 e-con-full e-flex e-con e-child\" data-id=\"ef84b70\" data-element_type=\"container\" data-e-type=\"container\">\n\t\t\t\t<div class=\"elementor-element elementor-element-8631cf0 elementor-widget elementor-widget-button\" data-id=\"8631cf0\" data-element_type=\"widget\" data-e-type=\"widget\" data-widget_type=\"button.default\">\n\t\t\t\t<div class=\"elementor-widget-container\">\n\t\t\t\t\t\t\t\t\t<div class=\"elementor-button-wrapper\">\n\t\t\t\t\t<a class=\"elementor-button elementor-button-link elementor-size-sm elementor-animation-bounce-in\" href=\"https:\/\/marketingcomline.com\/contacto\/\">\n\t\t\t\t\t\t<span class=\"elementor-button-content-wrapper\">\n\t\t\t\t\t\t\t\t\t<span class=\"elementor-button-text\">Vull millorar la meva web<\/span>\n\t\t\t\t\t<\/span>\n\t\t\t\t\t<\/a>\n\t\t\t\t<\/div>\n\t\t\t\t\t\t\t\t<\/div>\n\t\t\t\t<\/div>\n\t\t\t\t<\/div>\n\t\t\t\t<\/div>\n\t\t\t\t\t<\/div>\n\t\t\t\t<\/div>\n\t\t\t\t<\/div>\n\t\t","protected":false},"excerpt":{"rendered":"<p>Google Ads i campanyes SEM Campanyes de Google Ads i marketing en l\u00ednia Google ADS y campa\u00f1as SEM Campa\u00f1as de Google Ads y marketing online. Configuramos campa\u00f1as y estrategias de marketing online para atraer a tus potenciales clientes y convierte clics en ventas. Con nuestras campa\u00f1as de Google Ads podr\u00e1s maximizar tu presencia online y [&hellip;]<\/p>\n","protected":false},"author":1,"featured_media":0,"parent":0,"menu_order":0,"comment_status":"closed","ping_status":"closed","template":"elementor_header_footer","meta":{"om_disable_all_campaigns":false,"footnotes":""},"class_list":["post-2452","page","type-page","status-publish","hentry"],"aioseo_notices":[],"_links":{"self":[{"href":"https:\/\/marketingcomline.com\/ca\/wp-json\/wp\/v2\/pages\/2452","targetHints":{"allow":["GET"]}}],"collection":[{"href":"https:\/\/marketingcomline.com\/ca\/wp-json\/wp\/v2\/pages"}],"about":[{"href":"https:\/\/marketingcomline.com\/ca\/wp-json\/wp\/v2\/types\/page"}],"author":[{"embeddable":true,"href":"https:\/\/marketingcomline.com\/ca\/wp-json\/wp\/v2\/users\/1"}],"replies":[{"embeddable":true,"href":"https:\/\/marketingcomline.com\/ca\/wp-json\/wp\/v2\/comments?post=2452"}],"version-history":[{"count":19,"href":"https:\/\/marketingcomline.com\/ca\/wp-json\/wp\/v2\/pages\/2452\/revisions"}],"predecessor-version":[{"id":2686,"href":"https:\/\/marketingcomline.com\/ca\/wp-json\/wp\/v2\/pages\/2452\/revisions\/2686"}],"wp:attachment":[{"href":"https:\/\/marketingcomline.com\/ca\/wp-json\/wp\/v2\/media?parent=2452"}],"curies":[{"name":"wp","href":"https:\/\/api.w.org\/{rel}","templated":true}]}}