{"id":2463,"date":"2025-05-30T10:55:04","date_gmt":"2025-05-30T09:55:04","guid":{"rendered":"https:\/\/marketingcomline.com\/?page_id=2463"},"modified":"2025-06-02T11:07:14","modified_gmt":"2025-06-02T10:07:14","slug":"disseny-apps","status":"publish","type":"page","link":"https:\/\/marketingcomline.com\/ca\/disseny-apps\/","title":{"rendered":"DISSENY D&#8217;APPS"},"content":{"rendered":"\t\t<div data-elementor-type=\"wp-page\" data-elementor-id=\"2463\" class=\"elementor elementor-2463 elementor-137\" data-elementor-post-type=\"page\">\n\t\t\t\t<div class=\"elementor-element elementor-element-4c9498b e-flex e-con-boxed e-con e-parent\" data-id=\"4c9498b\" data-element_type=\"container\" data-e-type=\"container\" data-settings=\"{&quot;background_background&quot;:&quot;classic&quot;}\">\n\t\t\t\t\t<div class=\"e-con-inner\">\n\t\t<div class=\"elementor-element elementor-element-81c5539 e-con-full e-flex e-con e-child\" data-id=\"81c5539\" data-element_type=\"container\" data-e-type=\"container\" data-settings=\"{&quot;background_background&quot;:&quot;classic&quot;}\">\n\t\t\t\t<div class=\"elementor-element elementor-element-71b8aae elementor-widget elementor-widget-image\" data-id=\"71b8aae\" data-element_type=\"widget\" data-e-type=\"widget\" data-widget_type=\"image.default\">\n\t\t\t\t<div class=\"elementor-widget-container\">\n\t\t\t\t\t\t\t\t\t\t\t\t\t\t\t<img fetchpriority=\"high\" decoding=\"async\" width=\"640\" height=\"570\" src=\"https:\/\/marketingcomline.com\/wp-content\/uploads\/2025\/05\/Desarrollo-de-APPS.png\" class=\"attachment-large size-large wp-image-1392\" alt=\"Ilustraci\u00f3n de un desarrollador mostrando una app en un smartphone junto a un port\u00e1til, con iconos de programaci\u00f3n y funcionalidades m\u00f3viles\" srcset=\"https:\/\/marketingcomline.com\/wp-content\/uploads\/2025\/05\/Desarrollo-de-APPS.png 943w, https:\/\/marketingcomline.com\/wp-content\/uploads\/2025\/05\/Desarrollo-de-APPS-300x267.png 300w, https:\/\/marketingcomline.com\/wp-content\/uploads\/2025\/05\/Desarrollo-de-APPS-768x684.png 768w\" sizes=\"(max-width: 640px) 100vw, 640px\" \/>\t\t\t\t\t\t\t\t\t\t\t\t\t\t\t<\/div>\n\t\t\t\t<\/div>\n\t\t\t\t<\/div>\n\t\t<div class=\"elementor-element elementor-element-e4fc421 e-con-full e-flex e-con e-child\" data-id=\"e4fc421\" data-element_type=\"container\" data-e-type=\"container\">\n\t\t\t\t<div class=\"elementor-element elementor-element-be1d53b elementor-widget__width-initial elementor-widget elementor-widget-heading\" data-id=\"be1d53b\" data-element_type=\"widget\" data-e-type=\"widget\" data-widget_type=\"heading.default\">\n\t\t\t\t<div class=\"elementor-widget-container\">\n\t\t\t\t\t<h1 class=\"elementor-heading-title elementor-size-default\">Desenvolupament d\u2019APPS<\/h1>\t\t\t\t<\/div>\n\t\t\t\t<\/div>\n\t\t\t\t<div class=\"elementor-element elementor-element-e0a82eb elementor-widget-mobile__width-initial elementor-widget elementor-widget-text-editor\" data-id=\"e0a82eb\" data-element_type=\"widget\" data-e-type=\"widget\" data-widget_type=\"text-editor.default\">\n\t\t\t\t<div class=\"elementor-widget-container\">\n\t\t\t\t\t\t\t\t\t<h2>Creem aplicacions m\u00f2bils per a iOS i Android a Mallorca.<\/h2>\t\t\t\t\t\t\t\t<\/div>\n\t\t\t\t<\/div>\n\t\t\t\t<\/div>\n\t\t\t\t\t<\/div>\n\t\t\t\t<\/div>\n\t\t<div class=\"elementor-element elementor-element-9860910 elementor-hidden-desktop elementor-hidden-tablet elementor-hidden-mobile e-flex e-con-boxed e-con e-parent\" data-id=\"9860910\" data-element_type=\"container\" data-e-type=\"container\">\n\t\t\t\t\t<div class=\"e-con-inner\">\n\t\t\t\t<div class=\"elementor-element elementor-element-100a526 elementor-widget elementor-widget-heading\" data-id=\"100a526\" data-element_type=\"widget\" data-e-type=\"widget\" data-widget_type=\"heading.default\">\n\t\t\t\t<div class=\"elementor-widget-container\">\n\t\t\t\t\t<h1 class=\"elementor-heading-title elementor-size-default\">Desarrollo \nde APPS<\/h1>\t\t\t\t<\/div>\n\t\t\t\t<\/div>\n\t\t\t\t<div class=\"elementor-element elementor-element-1cc8108 elementor-widget-mobile__width-initial elementor-widget elementor-widget-text-editor\" data-id=\"1cc8108\" data-element_type=\"widget\" data-e-type=\"widget\" data-widget_type=\"text-editor.default\">\n\t\t\t\t<div class=\"elementor-widget-container\">\n\t\t\t\t\t\t\t\t\t<h2>Creamos aplicaciones m\u00f3vil para iOs y Android en Mallorca.<\/h2><p>En <strong>Marketing Comline<\/strong> hemos ampliado nuestras habilidades y nos hemos lanzado a desarrollar Apps a precios asequibles en Mallorca y para toda Espa\u00f1a.<\/p><p>Podemos rastrear el uso interno de la misma app para poder estudiar el comportamiento de los usuarios y as\u00ed poder tomar decisiones en la direcci\u00f3n adecuada.<\/p>\t\t\t\t\t\t\t\t<\/div>\n\t\t\t\t<\/div>\n\t\t\t\t<div class=\"elementor-element elementor-element-eda88f7 elementor-widget elementor-widget-image\" data-id=\"eda88f7\" data-element_type=\"widget\" data-e-type=\"widget\" data-widget_type=\"image.default\">\n\t\t\t\t<div class=\"elementor-widget-container\">\n\t\t\t\t\t\t\t\t\t\t\t\t\t\t\t<img decoding=\"async\" width=\"640\" height=\"332\" src=\"https:\/\/marketingcomline.com\/wp-content\/uploads\/2025\/02\/google-ads-mallorca.png\" class=\"attachment-large size-large wp-image-718\" alt=\"Google Ads en Mallorca\" srcset=\"https:\/\/marketingcomline.com\/wp-content\/uploads\/2025\/02\/google-ads-mallorca.png 819w, https:\/\/marketingcomline.com\/wp-content\/uploads\/2025\/02\/google-ads-mallorca-300x156.png 300w, https:\/\/marketingcomline.com\/wp-content\/uploads\/2025\/02\/google-ads-mallorca-768x399.png 768w\" sizes=\"(max-width: 640px) 100vw, 640px\" \/>\t\t\t\t\t\t\t\t\t\t\t\t\t\t\t<\/div>\n\t\t\t\t<\/div>\n\t\t\t\t<div class=\"elementor-element elementor-element-d4c5cd8 elementor-widget-mobile__width-initial elementor-widget elementor-widget-text-editor\" data-id=\"d4c5cd8\" data-element_type=\"widget\" data-e-type=\"widget\" data-widget_type=\"text-editor.default\">\n\t\t\t\t<div class=\"elementor-widget-container\">\n\t\t\t\t\t\t\t\t\t<h2>Desarrollo de Apps para iOs<\/h2><p>Desarrollamos Apps totalmente compatibles en todas versiones de iOs tanto para iPhone como para iPad. Dise\u00f1amos y programamos nuestras Apps con funciones exclusivas.<\/p><p>Puedes comprobar nuestras apps creadas en nuestro perfil de desarrollador de Apple pulsando aqu\u00ed:\u00a0<a href=\"https:\/\/apps.apple.com\/us\/developer\/marketing-comline\/id1770057006\" target=\"_blank\" rel=\"nofollow noopener\">Desarrollador iOs<\/a><\/p><h2>Desarrollo de Apps para Android<\/h2><p>Del mismo modo que para Apple, desarrollamos la misma app para los dispositivos Android con las mismas funcionalidades y utilidades.<\/p><p>Puedes comprobar nuestras apps creadas en nuestro perfil de desarrollador de Google pulsando aqu\u00ed:\u00a0<a href=\"https:\/\/play.google.com\/store\/apps\/developer?id=Marketing+Comline\" target=\"_blank\" rel=\"nofollow noopener\">Desarrollador Android<\/a><\/p>\t\t\t\t\t\t\t\t<\/div>\n\t\t\t\t<\/div>\n\t\t\t\t\t<\/div>\n\t\t\t\t<\/div>\n\t\t<div class=\"elementor-element elementor-element-941ef06 e-flex e-con-boxed e-con e-parent\" data-id=\"941ef06\" data-element_type=\"container\" data-e-type=\"container\">\n\t\t\t\t\t<div class=\"e-con-inner\">\n\t\t<div class=\"elementor-element elementor-element-b8a3622 e-con-full e-flex e-con e-child\" data-id=\"b8a3622\" data-element_type=\"container\" data-e-type=\"container\">\n\t\t\t\t<div class=\"elementor-element elementor-element-27e4de5 elementor-widget elementor-widget-heading\" data-id=\"27e4de5\" data-element_type=\"widget\" data-e-type=\"widget\" data-widget_type=\"heading.default\">\n\t\t\t\t<div class=\"elementor-widget-container\">\n\t\t\t\t\t<h2 class=\"elementor-heading-title elementor-size-default\"> Desenvolupament d\u2019Apps per a iOS i Android<\/h2>\t\t\t\t<\/div>\n\t\t\t\t<\/div>\n\t\t\t\t<div class=\"elementor-element elementor-element-01c8e2a elementor-widget elementor-widget-text-editor\" data-id=\"01c8e2a\" data-element_type=\"widget\" data-e-type=\"widget\" data-widget_type=\"text-editor.default\">\n\t\t\t\t<div class=\"elementor-widget-container\">\n\t\t\t\t\t\t\t\t\t<p data-start=\"332\" data-end=\"629\">A <strong>Marketing Comline<\/strong> desenvolupem aplicacions m\u00f2bils a mida, pensades per a negocis que volen millorar la seva pres\u00e8ncia digital i oferir serveis des del tel\u00e8fon intel\u00b7ligent. Treballem tant per a iOS (iPhone\/iPad) com per a Android, amb dissenys intu\u00eftius i funcionalitats adaptades a cada client.<\/p><p data-start=\"631\" data-end=\"799\">A m\u00e9s, integrem sistemes de rastreig i an\u00e0lisi per estudiar el comportament dels usuaris i ajudar-te a prendre decisions m\u00e9s encertades sobre l\u2019evoluci\u00f3 de la teva app.<\/p>\t\t\t\t\t\t\t\t<\/div>\n\t\t\t\t<\/div>\n\t\t\t\t<\/div>\n\t\t\t\t\t<\/div>\n\t\t\t\t<\/div>\n\t\t<div class=\"elementor-element elementor-element-7987a9d e-flex e-con-boxed e-con e-parent\" data-id=\"7987a9d\" data-element_type=\"container\" data-e-type=\"container\">\n\t\t\t\t\t<div class=\"e-con-inner\">\n\t\t<div class=\"elementor-element elementor-element-cb584ba e-con-full e-flex e-con e-child\" data-id=\"cb584ba\" data-element_type=\"container\" data-e-type=\"container\">\n\t\t\t\t<div class=\"elementor-element elementor-element-7c0151d elementor-widget elementor-widget-text-editor\" data-id=\"7c0151d\" data-element_type=\"widget\" data-e-type=\"widget\" data-widget_type=\"text-editor.default\">\n\t\t\t\t<div class=\"elementor-widget-container\">\n\t\t\t\t\t\t\t\t\t<h2><strong data-start=\"810\" data-end=\"844\">Apps per a iOS (iPhone i iPad)<\/strong><\/h2><p data-start=\"921\" data-end=\"1120\">Desenvolupem aplicacions natives totalment compatibles amb les \u00faltimes versions d\u2019iOS. Creem apps personalitzades, segures i optimitzades per a l\u2019entorn Apple, tant per a iPhone com per a iPad.<\/p><p data-start=\"1122\" data-end=\"1238\">\ud83d\udd17 Pots consultar les nostres apps publicades al perfil oficial de desenvolupador: <a href=\"https:\/\/apps.apple.com\/us\/developer\/marketing-comline\/id1770057006\" target=\"_blank\" rel=\"nofollow noopener\">Desenvolupador iOs<\/a><\/p>\t\t\t\t\t\t\t\t<\/div>\n\t\t\t\t<\/div>\n\t\t\t\t<\/div>\n\t\t\t\t\t<\/div>\n\t\t\t\t<\/div>\n\t\t<div class=\"elementor-element elementor-element-1b9e933 e-flex e-con-boxed e-con e-parent\" data-id=\"1b9e933\" data-element_type=\"container\" data-e-type=\"container\">\n\t\t\t\t\t<div class=\"e-con-inner\">\n\t\t<div class=\"elementor-element elementor-element-517b914 e-con-full e-flex e-con e-child\" data-id=\"517b914\" data-element_type=\"container\" data-e-type=\"container\">\n\t\t\t\t<div class=\"elementor-element elementor-element-9c04b08 elementor-widget elementor-widget-text-editor\" data-id=\"9c04b08\" data-element_type=\"widget\" data-e-type=\"widget\" data-widget_type=\"text-editor.default\">\n\t\t\t\t<div class=\"elementor-widget-container\">\n\t\t\t\t\t\t\t\t\t<h2><strong data-start=\"1157\" data-end=\"1179\">Apps per a Android<\/strong><\/h2><p data-start=\"1181\" data-end=\"1397\">Tamb\u00e9 dissenyem apps per a dispositius Android amb les mateixes funcionalitats, rendiment i experi\u00e8ncia d\u2019usuari. Ens assegurem que cada aplicaci\u00f3 funcioni correctament en tots els dispositius i versions del sistema.<\/p><p data-start=\"1399\" data-end=\"1499\">\ud83d\udd17 Pots consultar les nostres apps al perfil de desenvolupador de Google: <a href=\"https:\/\/play.google.com\/store\/apps\/developer?id=Marketing+Comline\" target=\"_blank\" rel=\"nofollow noopener\">Desenvolupador Android<\/a><\/p>\t\t\t\t\t\t\t\t<\/div>\n\t\t\t\t<\/div>\n\t\t\t\t<\/div>\n\t\t\t\t\t<\/div>\n\t\t\t\t<\/div>\n\t\t<div class=\"elementor-element elementor-element-05fde92 e-flex e-con-boxed e-con e-parent\" data-id=\"05fde92\" data-element_type=\"container\" data-e-type=\"container\">\n\t\t\t\t\t<div class=\"e-con-inner\">\n\t\t<div class=\"elementor-element elementor-element-c13d190 e-con-full e-flex e-con e-child\" data-id=\"c13d190\" data-element_type=\"container\" data-e-type=\"container\" data-settings=\"{&quot;background_background&quot;:&quot;classic&quot;}\">\n\t\t<div class=\"elementor-element elementor-element-cc6e77b e-con-full e-flex e-con e-child\" data-id=\"cc6e77b\" data-element_type=\"container\" data-e-type=\"container\">\n\t\t\t\t<div class=\"elementor-element elementor-element-8506417 elementor-widget elementor-widget-heading\" data-id=\"8506417\" data-element_type=\"widget\" data-e-type=\"widget\" data-widget_type=\"heading.default\">\n\t\t\t\t<div class=\"elementor-widget-container\">\n\t\t\t\t\t<h2 class=\"elementor-heading-title elementor-size-default\">Preparat per multiplicar la teva visibilitat en l\u00ednia?<\/h2>\t\t\t\t<\/div>\n\t\t\t\t<\/div>\n\t\t\t\t<div class=\"elementor-element elementor-element-ce8c9e1 elementor-widget elementor-widget-text-editor\" data-id=\"ce8c9e1\" data-element_type=\"widget\" data-e-type=\"widget\" data-widget_type=\"text-editor.default\">\n\t\t\t\t<div class=\"elementor-widget-container\">\n\t\t\t\t\t\t\t\t\t<p>T\u2019assessorem sense comprom\u00eds i t\u2019ajudem a trobar la millor soluci\u00f3 per al teu negoci.<\/p>\t\t\t\t\t\t\t\t<\/div>\n\t\t\t\t<\/div>\n\t\t\t\t<\/div>\n\t\t<div class=\"elementor-element elementor-element-0fb2555 e-con-full e-flex e-con e-child\" data-id=\"0fb2555\" data-element_type=\"container\" data-e-type=\"container\">\n\t\t\t\t<div class=\"elementor-element elementor-element-52aca39 elementor-widget elementor-widget-button\" data-id=\"52aca39\" data-element_type=\"widget\" data-e-type=\"widget\" data-widget_type=\"button.default\">\n\t\t\t\t<div class=\"elementor-widget-container\">\n\t\t\t\t\t\t\t\t\t<div class=\"elementor-button-wrapper\">\n\t\t\t\t\t<a class=\"elementor-button elementor-button-link elementor-size-sm elementor-animation-bounce-in\" href=\"https:\/\/marketingcomline.com\/contacto\/\">\n\t\t\t\t\t\t<span class=\"elementor-button-content-wrapper\">\n\t\t\t\t\t\t\t\t\t<span class=\"elementor-button-text\">Vull millorar la meva web<\/span>\n\t\t\t\t\t<\/span>\n\t\t\t\t\t<\/a>\n\t\t\t\t<\/div>\n\t\t\t\t\t\t\t\t<\/div>\n\t\t\t\t<\/div>\n\t\t\t\t<\/div>\n\t\t\t\t<\/div>\n\t\t\t\t\t<\/div>\n\t\t\t\t<\/div>\n\t\t\t\t<\/div>\n\t\t","protected":false},"excerpt":{"rendered":"<p>Desenvolupament d\u2019APPS Creem aplicacions m\u00f2bils per a iOS i Android a Mallorca. Desarrollo de APPS Creamos aplicaciones m\u00f3vil para iOs y Android en Mallorca. En Marketing Comline hemos ampliado nuestras habilidades y nos hemos lanzado a desarrollar Apps a precios asequibles en Mallorca y para toda Espa\u00f1a. Podemos rastrear el uso interno de la misma [&hellip;]<\/p>\n","protected":false},"author":1,"featured_media":0,"parent":0,"menu_order":0,"comment_status":"closed","ping_status":"closed","template":"elementor_header_footer","meta":{"om_disable_all_campaigns":false,"footnotes":""},"class_list":["post-2463","page","type-page","status-publish","hentry"],"aioseo_notices":[],"_links":{"self":[{"href":"https:\/\/marketingcomline.com\/ca\/wp-json\/wp\/v2\/pages\/2463","targetHints":{"allow":["GET"]}}],"collection":[{"href":"https:\/\/marketingcomline.com\/ca\/wp-json\/wp\/v2\/pages"}],"about":[{"href":"https:\/\/marketingcomline.com\/ca\/wp-json\/wp\/v2\/types\/page"}],"author":[{"embeddable":true,"href":"https:\/\/marketingcomline.com\/ca\/wp-json\/wp\/v2\/users\/1"}],"replies":[{"embeddable":true,"href":"https:\/\/marketingcomline.com\/ca\/wp-json\/wp\/v2\/comments?post=2463"}],"version-history":[{"count":23,"href":"https:\/\/marketingcomline.com\/ca\/wp-json\/wp\/v2\/pages\/2463\/revisions"}],"predecessor-version":[{"id":2670,"href":"https:\/\/marketingcomline.com\/ca\/wp-json\/wp\/v2\/pages\/2463\/revisions\/2670"}],"wp:attachment":[{"href":"https:\/\/marketingcomline.com\/ca\/wp-json\/wp\/v2\/media?parent=2463"}],"curies":[{"name":"wp","href":"https:\/\/api.w.org\/{rel}","templated":true}]}}