{"id":2617,"date":"2025-06-02T08:04:01","date_gmt":"2025-06-02T07:04:01","guid":{"rendered":"https:\/\/marketingcomline.com\/?page_id=2617"},"modified":"2025-06-19T14:42:53","modified_gmt":"2025-06-19T13:42:53","slug":"avis-legal","status":"publish","type":"page","link":"https:\/\/marketingcomline.com\/ca\/avis-legal\/","title":{"rendered":"Av\u00eds legal"},"content":{"rendered":"\t\t<div data-elementor-type=\"wp-page\" data-elementor-id=\"2617\" class=\"elementor elementor-2617 elementor-143\" data-elementor-post-type=\"page\">\n\t\t\t\t<div class=\"elementor-element elementor-element-172aa33f e-flex e-con-boxed e-con e-parent\" data-id=\"172aa33f\" data-element_type=\"container\" data-e-type=\"container\">\n\t\t\t\t\t<div class=\"e-con-inner\">\n\t\t\t\t<div class=\"elementor-element elementor-element-5574ba7 elementor-widget elementor-widget-heading\" data-id=\"5574ba7\" data-element_type=\"widget\" data-e-type=\"widget\" data-widget_type=\"heading.default\">\n\t\t\t\t<div class=\"elementor-widget-container\">\n\t\t\t\t\t<h2 class=\"elementor-heading-title elementor-size-default\">Av\u00eds legal<\/h2>\t\t\t\t<\/div>\n\t\t\t\t<\/div>\n\t\t\t\t<div class=\"elementor-element elementor-element-e3a2bb1 elementor-widget elementor-widget-text-editor\" data-id=\"e3a2bb1\" data-element_type=\"widget\" data-e-type=\"widget\" data-widget_type=\"text-editor.default\">\n\t\t\t\t<div class=\"elementor-widget-container\">\n\t\t\t\t\t\t\t\t\t<h4 data-start=\"275\" data-end=\"340\"><strong data-start=\"280\" data-end=\"340\">LLEI DELS SERVEIS DE LA SOCIETAT DE LA INFORMACI\u00d3 (LSSI)<\/strong><\/h4><p data-start=\"342\" data-end=\"724\"><strong data-start=\"342\" data-end=\"366\">MARKETING COMLINE SL<\/strong>, responsable del lloc web (d\u2019ara endavant, RESPONSABLE), posa a disposici\u00f3 dels usuaris aquest document amb l\u2019objectiu de donar compliment a les obligacions establertes a la Llei 34\/2002, d\u201911 de juliol, de Serveis de la Societat de la Informaci\u00f3 i del Comer\u00e7 Electr\u00f2nic (LSSICE), aix\u00ed com d\u2019informar tots els usuaris del lloc web sobre les condicions d\u2019\u00fas.<\/p><p data-start=\"726\" data-end=\"946\">Tota persona que accedeixi a aquest lloc web assumeix el paper d\u2019usuari, comprometent-se a l\u2019observan\u00e7a i compliment rigor\u00f3s del que aqu\u00ed s\u2019hi disposa, aix\u00ed com de qualsevol altra disposici\u00f3 legal que hi sigui aplicable.<\/p><p data-start=\"948\" data-end=\"1235\"><strong data-start=\"948\" data-end=\"972\">MARKETING COMLINE SL<\/strong> es reserva el dret de modificar qualsevol tipus d\u2019informaci\u00f3 que pugui apar\u00e8ixer al lloc web, sense obligaci\u00f3 de preavisar o posar en coneixement dels usuaris aquestes modificacions, considerant-se suficient la publicaci\u00f3 al lloc web de <strong data-start=\"1210\" data-end=\"1234\">MARKETING COMLINE SL<\/strong>.<\/p><hr data-start=\"1237\" data-end=\"1240\" \/><h3 data-start=\"1242\" data-end=\"1274\"><strong data-start=\"1246\" data-end=\"1274\">1. DADES IDENTIFICATIVES<\/strong><\/h3><ul data-start=\"1276\" data-end=\"1515\"><li data-start=\"1276\" data-end=\"1324\"><p data-start=\"1278\" data-end=\"1324\"><strong data-start=\"1278\" data-end=\"1300\">Denominaci\u00f3 social<\/strong>: MARKETING COMLINE SL<\/p><\/li><li data-start=\"1325\" data-end=\"1365\"><p data-start=\"1327\" data-end=\"1365\"><strong data-start=\"1327\" data-end=\"1344\">Nom comercial<\/strong>: MARKETING COMLINE<\/p><\/li><li data-start=\"1366\" data-end=\"1388\"><p data-start=\"1368\" data-end=\"1388\"><strong data-start=\"1368\" data-end=\"1375\">CIF<\/strong>: B09875055<\/p><\/li><li data-start=\"1389\" data-end=\"1464\"><p data-start=\"1391\" data-end=\"1464\"><strong data-start=\"1391\" data-end=\"1403\">Domicili<\/strong>: Cam\u00ed de la Vileta, 39 \u2013 2a Planta Local 3 \u2013 07011 &#8211; Palma<\/p><\/li><li data-start=\"1465\" data-end=\"1515\"><p data-start=\"1467\" data-end=\"1515\"><strong data-start=\"1467\" data-end=\"1488\">Correu electr\u00f2nic<\/strong>: <a class=\"cursor-pointer\" rel=\"noopener\" data-start=\"1490\" data-end=\"1515\">info@marketingcomline.com<\/a><\/p><\/li><\/ul><hr data-start=\"1517\" data-end=\"1520\" \/><h3 data-start=\"1522\" data-end=\"1540\"><strong data-start=\"1526\" data-end=\"1540\">2. OBJECTE<\/strong><\/h3><p data-start=\"1542\" data-end=\"1649\">A trav\u00e9s del lloc web, oferim als Usuaris la possibilitat d\u2019accedir a informaci\u00f3 sobre els nostres serveis.<\/p><hr data-start=\"1651\" data-end=\"1654\" \/><h3 data-start=\"1656\" data-end=\"1699\"><strong data-start=\"1660\" data-end=\"1699\">3. PRIVACITAT I TRACTAMENT DE DADES<\/strong><\/h3><p data-start=\"1701\" data-end=\"2053\">Quan per accedir a determinats continguts o serveis sigui necessari facilitar dades de car\u00e0cter personal, els Usuaris hauran de garantir-ne la veracitat, exactitud, autenticitat i vig\u00e8ncia. L\u2019empresa tractar\u00e0 aquestes dades de forma automatitzada segons la seva naturalesa o finalitat, d\u2019acord amb el que s\u2019indica a l\u2019apartat de Pol\u00edtica de Privacitat.<\/p><h3 data-start=\"1958\" data-end=\"2005\"><strong data-start=\"1962\" data-end=\"2005\">4. PROPIETAT INDUSTRIAL I INTEL\u00b7LECTUAL<\/strong><\/h3><p data-start=\"2007\" data-end=\"2360\">L\u2019Usuari reconeix i accepta que tots els continguts mostrats al lloc web, i especialment dissenys, textos, imatges, logotips, icones, botons, programari, noms comercials, marques o qualsevol altre signe susceptible d\u2019\u00fas industrial i\/o comercial, estan protegits per drets de propietat intel\u00b7lectual, sent titularitat exclusiva de l\u2019empresa o de tercers.<\/p><p data-start=\"2362\" data-end=\"2645\">L\u2019Usuari es compromet a no reproduir, copiar, distribuir, posar a disposici\u00f3, comunicar p\u00fablicament, transformar o modificar els continguts sense autoritzaci\u00f3 expressa. L\u2019acc\u00e9s al lloc web no implica cap cessi\u00f3, llic\u00e8ncia o ren\u00fancia a aquests drets, excepte si s\u2019indica expressament.<\/p><p data-start=\"2647\" data-end=\"2766\">Qualsevol altre \u00fas dels continguts requerir\u00e0 autoritzaci\u00f3 pr\u00e8via i expressa de l\u2019empresa o titular dels drets afectats.<\/p><p data-start=\"2768\" data-end=\"2968\">Aix\u00ed mateix, queda prohibit suprimir, eludir o manipular el \u00abcopyright\u00bb o qualsevol dispositiu t\u00e8cnic de protecci\u00f3. L\u2019usuari es compromet a respectar aquests drets i a no perjudicar-los de cap manera.<\/p><hr data-start=\"2970\" data-end=\"2973\" \/><h3 data-start=\"2975\" data-end=\"3041\"><strong data-start=\"2979\" data-end=\"3041\">5. OBLIGACIONS I RESPONSABILITATS DE L\u2019USUARI DEL LLOC WEB<\/strong><\/h3><p data-start=\"3043\" data-end=\"3067\">L\u2019Usuari es compromet a:<\/p><ul data-start=\"3069\" data-end=\"3566\"><li data-start=\"3069\" data-end=\"3231\"><p data-start=\"3071\" data-end=\"3231\">Fer un \u00fas adequat i l\u00edcit del lloc web i dels seus continguts segons la legislaci\u00f3 vigent, les condicions generals, la moral, els bons costums i l\u2019ordre p\u00fablic.<\/p><\/li><li data-start=\"3232\" data-end=\"3277\"><p data-start=\"3234\" data-end=\"3277\">Proporcionar dades veraces i actualitzades.<\/p><\/li><li data-start=\"3278\" data-end=\"3333\"><p data-start=\"3280\" data-end=\"3333\">No fer un \u00fas no autoritzat o fraudulent del lloc web.<\/p><\/li><li data-start=\"3334\" data-end=\"3387\"><p data-start=\"3336\" data-end=\"3387\">No accedir a zones restringides sense autoritzaci\u00f3.<\/p><\/li><li data-start=\"3388\" data-end=\"3455\"><p data-start=\"3390\" data-end=\"3455\">No introduir virus ni danyar els sistemes de l\u2019empresa o tercers.<\/p><\/li><li data-start=\"3456\" data-end=\"3505\"><p data-start=\"3458\" data-end=\"3505\">No manipular o intentar accedir a dades aliens.<\/p><\/li><li data-start=\"3506\" data-end=\"3566\"><p data-start=\"3508\" data-end=\"3566\">No vulnerar drets de propietat intel\u00b7lectual o industrial.<\/p><\/li><\/ul><p data-start=\"3568\" data-end=\"3752\">Si per accedir a algun servei es facilita una contrasenya, l\u2019usuari es compromet a mantenir-la en secret i no cedir-la a tercers. Qualsevol \u00fas indegut ser\u00e0 responsabilitat de l\u2019usuari.<\/p><hr data-start=\"3754\" data-end=\"3757\" \/><h3 data-start=\"3759\" data-end=\"3786\"><strong data-start=\"3763\" data-end=\"3786\">6. RESPONSABILITATS<\/strong><\/h3><p data-start=\"3788\" data-end=\"3949\">No es garanteix un acc\u00e9s continuat ni la correcta visualitzaci\u00f3 del web si es produeixen circumst\u00e0ncies alienes al nostre control (errors de xarxa, virus, etc.).<\/p><p data-start=\"3951\" data-end=\"4028\">L\u2019empresa pot suspendre el servei si detecta un \u00fas contrari a les condicions.<\/p><p data-start=\"4030\" data-end=\"4077\">No ens fem responsables dels danys derivats de:<\/p><ul data-start=\"4079\" data-end=\"4263\"><li data-start=\"4079\" data-end=\"4130\"><p data-start=\"4081\" data-end=\"4130\">Interfer\u00e8ncies o errors en les telecomunicacions.<\/p><\/li><li data-start=\"4131\" data-end=\"4193\"><p data-start=\"4133\" data-end=\"4193\">Intromissions il\u00b7leg\u00edtimes amb virus o programes maliciosos.<\/p><\/li><li data-start=\"4194\" data-end=\"4220\"><p data-start=\"4196\" data-end=\"4220\">\u00das indegut del lloc web.<\/p><\/li><li data-start=\"4221\" data-end=\"4263\"><p data-start=\"4223\" data-end=\"4263\">Versions no actualitzades del navegador.<\/p><\/li><\/ul><p data-start=\"4265\" data-end=\"4406\">L\u2019empresa no respon pels continguts aportats pels usuaris ni per l\u2019\u00fas il\u00b7l\u00edcit dels serveis. L\u2019usuari indemnitzar\u00e0 per qualsevol dany causat.<\/p><hr data-start=\"4408\" data-end=\"4411\" \/><h3 data-start=\"4413\" data-end=\"4447\"><strong data-start=\"4417\" data-end=\"4447\">7. ENLLA\u00c7OS (HIPERVINCLES)<\/strong><\/h3><p data-start=\"4449\" data-end=\"4542\">L\u2019usuari no pot reproduir el lloc web ni cap dels seus continguts sense autoritzaci\u00f3 escrita.<\/p><p data-start=\"4544\" data-end=\"4685\">Aquest lloc pot contenir enlla\u00e7os a webs de tercers. L\u2019empresa no \u00e9s responsable del contingut d\u2019aquests llocs ni dels serveis que ofereixen.<\/p><p data-start=\"4687\" data-end=\"4732\">Els llocs que enllacin a aquest web no poden:<\/p><ul data-start=\"4734\" data-end=\"4896\"><li data-start=\"4734\" data-end=\"4789\"><p data-start=\"4736\" data-end=\"4789\">Simular una relaci\u00f3 amb l\u2019empresa sense autoritzaci\u00f3.<\/p><\/li><li data-start=\"4790\" data-end=\"4846\"><p data-start=\"4792\" data-end=\"4846\">Contenir contingut ofensiu, il\u00b7l\u00edcit o discriminatori.<\/p><\/li><li data-start=\"4847\" data-end=\"4896\"><p data-start=\"4849\" data-end=\"4896\">Incrustar el lloc web dins de marcs o &#8220;frames&#8221;.<\/p><\/li><\/ul><p data-start=\"4898\" data-end=\"4956\">Es pot revocar en qualsevol moment el perm\u00eds per enlla\u00e7ar.<\/p><hr data-start=\"4958\" data-end=\"4961\" \/><h3 data-start=\"4963\" data-end=\"4992\"><strong data-start=\"4967\" data-end=\"4992\">8. PROTECCI\u00d3 DE DADES<\/strong><\/h3><p data-start=\"4994\" data-end=\"5212\">Per fer \u00fas de certs serveis, l\u2019usuari haur\u00e0 de facilitar dades personals. L\u2019empresa tractar\u00e0 aquestes dades d\u2019acord amb el RGPD, la LOPDGDD i la LSSI. La informaci\u00f3 completa est\u00e0 disponible a la Pol\u00edtica de Privacitat.<\/p><hr data-start=\"5214\" data-end=\"5217\" \/><h3 data-start=\"5219\" data-end=\"5237\"><strong data-start=\"5223\" data-end=\"5237\">9. COOKIES<\/strong><\/h3><p data-start=\"5239\" data-end=\"5345\">L\u2019empresa es reserva el dret d\u2019utilitzar cookies per recon\u00e8ixer l\u2019usuari i personalitzar-ne l\u2019experi\u00e8ncia.<\/p><p data-start=\"5347\" data-end=\"5415\">Les cookies poden recollir l\u2019adre\u00e7a IP i s\u00f3n gestionades per Google.<\/p><p data-start=\"5417\" data-end=\"5557\">L\u2019usuari pot configurar el navegador per rebutjar cookies. Amb elles, es poden oferir continguts personalitzats i mesurar visites i tr\u00e0nsit.<\/p><hr data-start=\"5559\" data-end=\"5562\" \/><h3 data-start=\"5564\" data-end=\"5600\"><strong data-start=\"5568\" data-end=\"5600\">10. DECLARACIONS I GARANTIES<\/strong><\/h3><p data-start=\"5602\" data-end=\"5767\">Els continguts i serveis oferts tenen car\u00e0cter merament informatiu. No es garanteix la seva exactitud, utilitat o fiabilitat, excepte en la mesura exigida legalment.<\/p><hr data-start=\"5769\" data-end=\"5772\" \/><h3 data-start=\"5774\" data-end=\"5797\"><strong data-start=\"5778\" data-end=\"5797\">11. FOR\u00c7A MAJOR<\/strong><\/h3><p data-start=\"5799\" data-end=\"5954\">L\u2019empresa no ser\u00e0 responsable si es produeix una interrupci\u00f3 del servei per causes de for\u00e7a major (vaga, desastres naturals, accions governamentals, etc.).<\/p><hr data-start=\"5956\" data-end=\"5959\" \/><h3 data-start=\"5961\" data-end=\"6001\"><strong data-start=\"5965\" data-end=\"6001\">12. LLEI APLICABLE I JURISDICCI\u00d3<\/strong><\/h3><p data-start=\"6003\" data-end=\"6185\">Aquest Av\u00eds Legal es regeix per la legislaci\u00f3 espanyola. Per a qualsevol controv\u00e8rsia, les parts se sotmeten als Jutjats i Tribunals del domicili social del responsable del lloc web.<\/p><p data-start=\"6187\" data-end=\"6366\">Si alguna cl\u00e0usula fos considerada nul\u00b7la, no afectar\u00e0 la validesa de la resta del document. En aquest cas, es substituir\u00e0 per una altra que aconsegueixi el mateix prop\u00f2sit legal.<\/p><hr data-start=\"6368\" data-end=\"6371\" \/><p><!-- \/wp:paragraph --><\/p>\t\t\t\t\t\t\t\t<\/div>\n\t\t\t\t<\/div>\n\t\t\t\t\t<\/div>\n\t\t\t\t<\/div>\n\t\t\t\t<\/div>\n\t\t","protected":false},"excerpt":{"rendered":"<p>LLEI DELS SERVEIS DE LA SOCIETAT DE LA INFORMACI\u00d3 (LSSI) MARKETING COMLINE SL, responsable del lloc web (d\u2019ara endavant, RESPONSABLE), posa a disposici\u00f3 dels usuaris aquest document amb l\u2019objectiu de donar compliment a les obligacions establertes a la Llei 34\/2002, d\u201911 de juliol, de Serveis de la Societat de la Informaci\u00f3 i del Comer\u00e7 Electr\u00f2nic [&hellip;]<\/p>\n","protected":false},"author":1,"featured_media":0,"parent":0,"menu_order":0,"comment_status":"closed","ping_status":"closed","template":"elementor_header_footer","meta":{"om_disable_all_campaigns":false,"footnotes":""},"class_list":["post-2617","page","type-page","status-publish","hentry"],"aioseo_notices":[],"_links":{"self":[{"href":"https:\/\/marketingcomline.com\/ca\/wp-json\/wp\/v2\/pages\/2617","targetHints":{"allow":["GET"]}}],"collection":[{"href":"https:\/\/marketingcomline.com\/ca\/wp-json\/wp\/v2\/pages"}],"about":[{"href":"https:\/\/marketingcomline.com\/ca\/wp-json\/wp\/v2\/types\/page"}],"author":[{"embeddable":true,"href":"https:\/\/marketingcomline.com\/ca\/wp-json\/wp\/v2\/users\/1"}],"replies":[{"embeddable":true,"href":"https:\/\/marketingcomline.com\/ca\/wp-json\/wp\/v2\/comments?post=2617"}],"version-history":[{"count":5,"href":"https:\/\/marketingcomline.com\/ca\/wp-json\/wp\/v2\/pages\/2617\/revisions"}],"predecessor-version":[{"id":2732,"href":"https:\/\/marketingcomline.com\/ca\/wp-json\/wp\/v2\/pages\/2617\/revisions\/2732"}],"wp:attachment":[{"href":"https:\/\/marketingcomline.com\/ca\/wp-json\/wp\/v2\/media?parent=2617"}],"curies":[{"name":"wp","href":"https:\/\/api.w.org\/{rel}","templated":true}]}}