{"id":2627,"date":"2025-06-02T08:09:21","date_gmt":"2025-06-02T07:09:21","guid":{"rendered":"https:\/\/marketingcomline.com\/?page_id=2627"},"modified":"2025-06-19T14:53:57","modified_gmt":"2025-06-19T13:53:57","slug":"politica-de-privacitat","status":"publish","type":"page","link":"https:\/\/marketingcomline.com\/ca\/politica-de-privacitat\/","title":{"rendered":"Pol\u00edtica de Privacitat"},"content":{"rendered":"\t\t<div data-elementor-type=\"wp-page\" data-elementor-id=\"2627\" class=\"elementor elementor-2627 elementor-145\" data-elementor-post-type=\"page\">\n\t\t\t\t<div class=\"elementor-element elementor-element-f709c9a e-flex e-con-boxed e-con e-parent\" data-id=\"f709c9a\" data-element_type=\"container\" data-e-type=\"container\">\n\t\t\t\t\t<div class=\"e-con-inner\">\n\t\t\t\t<div class=\"elementor-element elementor-element-4866078 elementor-widget elementor-widget-heading\" data-id=\"4866078\" data-element_type=\"widget\" data-e-type=\"widget\" data-widget_type=\"heading.default\">\n\t\t\t\t<div class=\"elementor-widget-container\">\n\t\t\t\t\t<h2 class=\"elementor-heading-title elementor-size-default\">Pol\u00edtica de Privacitat<\/h2>\t\t\t\t<\/div>\n\t\t\t\t<\/div>\n\t\t\t\t<div class=\"elementor-element elementor-element-268c7d1d elementor-widget elementor-widget-text-editor\" data-id=\"268c7d1d\" data-element_type=\"widget\" data-e-type=\"widget\" data-widget_type=\"text-editor.default\">\n\t\t\t\t<div class=\"elementor-widget-container\">\n\t\t\t\t\t\t\t\t\t<p data-start=\"177\" data-end=\"209\"><strong data-start=\"181\" data-end=\"209\">1. INFORMACI\u00d3 A L\u2019USUARI<\/strong><\/p><p data-start=\"211\" data-end=\"557\"><strong data-start=\"211\" data-end=\"237\">Marketing Comline S.L.<\/strong>, com a Responsable del Tractament, us informa que, segons el que disposa el Reglament (UE) 2016\/679, de 27 d\u2019abril (RGPD), i la Llei Org\u00e0nica 3\/2018, de 5 de desembre, de protecci\u00f3 de dades i garantia dels drets digitals (LOPDGDD), tractarem les vostres dades tal com es reflecteix en la present Pol\u00edtica de Privacitat.<\/p><p data-start=\"559\" data-end=\"788\">En aquesta Pol\u00edtica de Privacitat descrivim com recollim les vostres dades personals i per qu\u00e8 ho fem, qu\u00e8 en fem, amb qui les compartim, com les protegim i quines opcions teniu quant al tractament de les vostres dades personals.<\/p><p data-start=\"790\" data-end=\"1038\">Aquesta Pol\u00edtica s\u2019aplica al tractament de les dades personals recollides per l\u2019empresa per a la prestaci\u00f3 dels seus serveis. Si accepteu les mesures d\u2019aquesta Pol\u00edtica, accepteu que tractem les vostres dades personals segons el que s\u2019hi estableix.<\/p><hr data-start=\"1040\" data-end=\"1043\" \/><p data-start=\"1045\" data-end=\"1064\"><strong data-start=\"1049\" data-end=\"1064\">2. CONTACTE<\/strong><\/p><ul data-start=\"1066\" data-end=\"1307\"><li data-start=\"1066\" data-end=\"1117\"><p data-start=\"1068\" data-end=\"1117\"><strong data-start=\"1068\" data-end=\"1090\">Denominaci\u00f3 social<\/strong>: Marketing Comline, S.L.<\/p><\/li><li data-start=\"1118\" data-end=\"1158\"><p data-start=\"1120\" data-end=\"1158\"><strong data-start=\"1120\" data-end=\"1137\">Nom comercial<\/strong>: Marketing Comline<\/p><\/li><li data-start=\"1159\" data-end=\"1181\"><p data-start=\"1161\" data-end=\"1181\"><strong data-start=\"1161\" data-end=\"1168\">CIF<\/strong>: B09875055<\/p><\/li><li data-start=\"1182\" data-end=\"1256\"><p data-start=\"1184\" data-end=\"1256\"><strong data-start=\"1184\" data-end=\"1196\">Domicili<\/strong>: Cam\u00ed de la Vileta, 39 \u2013 2a Planta, local 3 \u2013 07011 Palma<\/p><\/li><li data-start=\"1257\" data-end=\"1307\"><p data-start=\"1259\" data-end=\"1307\"><strong data-start=\"1259\" data-end=\"1280\">Correu electr\u00f2nic<\/strong>: <a class=\"cursor-pointer\" rel=\"noopener\" data-start=\"1282\" data-end=\"1307\">info@marketingcomline.com<\/a><\/p><\/li><\/ul><hr data-start=\"1309\" data-end=\"1312\" \/><p data-start=\"1314\" data-end=\"1339\"><strong data-start=\"1318\" data-end=\"1339\">3. PRINCIPIS CLAU<\/strong><\/p><p data-start=\"1341\" data-end=\"1507\">Estam compromesos a oferir els nostres serveis amb el m\u00e0xim nivell de qualitat, incloent-hi el tractament segur i transparent de les dades. Els nostres principis s\u00f3n:<\/p><ul data-start=\"1509\" data-end=\"2671\"><li data-start=\"1509\" data-end=\"1627\"><p data-start=\"1511\" data-end=\"1627\"><strong data-start=\"1511\" data-end=\"1524\">Legalitat<\/strong>: Nom\u00e9s recollirem les vostres dades personals per a finalitats espec\u00edfiques, expl\u00edcites i leg\u00edtimes.<\/p><\/li><li data-start=\"1628\" data-end=\"1768\"><p data-start=\"1630\" data-end=\"1768\"><strong data-start=\"1630\" data-end=\"1655\">Minimitzaci\u00f3 de dades<\/strong>: Recollim nom\u00e9s les dades personals estrictament necess\u00e0ries per a les finalitats per a les quals es recullen.<\/p><\/li><li data-start=\"1769\" data-end=\"1895\"><p data-start=\"1771\" data-end=\"1895\"><strong data-start=\"1771\" data-end=\"1800\">Limitaci\u00f3 de la finalitat<\/strong>: Nom\u00e9s recollim dades per a les finalitats declarades i nom\u00e9s segons el vostre consentiment.<\/p><\/li><li data-start=\"1896\" data-end=\"1967\"><p data-start=\"1898\" data-end=\"1967\"><strong data-start=\"1898\" data-end=\"1910\">Precisi\u00f3<\/strong>: Mantindrem les vostres dades exactes i actualitzades.<\/p><\/li><li data-start=\"1968\" data-end=\"2122\"><p data-start=\"1970\" data-end=\"2122\"><strong data-start=\"1970\" data-end=\"1996\">Seguretat de les dades<\/strong>: Apliquem mesures t\u00e8cniques i organitzatives adequades per evitar accessos no autoritzats, p\u00e8rdues o destrucci\u00f3 accidental.<\/p><\/li><li data-start=\"2123\" data-end=\"2229\"><p data-start=\"2125\" data-end=\"2229\"><strong data-start=\"2125\" data-end=\"2149\">Acc\u00e9s i rectificaci\u00f3<\/strong>: Disposem de mecanismes perqu\u00e8 pugueu accedir o rectificar les vostres dades.<\/p><\/li><li data-start=\"2230\" data-end=\"2348\"><p data-start=\"2232\" data-end=\"2348\"><strong data-start=\"2232\" data-end=\"2247\">Conservaci\u00f3<\/strong>: Conservam les dades nom\u00e9s el temps necessari per a la finalitat per a la qual van ser recollides.<\/p><\/li><li data-start=\"2349\" data-end=\"2472\"><p data-start=\"2351\" data-end=\"2472\"><strong data-start=\"2351\" data-end=\"2384\">Transfer\u00e8ncies internacionals<\/strong>: Quan sigui necessari transferir dades fora de la UE\/EEE, es protegiran adequadament.<\/p><\/li><li data-start=\"2473\" data-end=\"2579\"><p data-start=\"2475\" data-end=\"2579\"><strong data-start=\"2475\" data-end=\"2486\">Tercers<\/strong>: El tractament i acc\u00e9s per part de tercers es fa segons la llei i amb garanties adequades.<\/p><\/li><li data-start=\"2580\" data-end=\"2671\"><p data-start=\"2582\" data-end=\"2671\"><strong data-start=\"2582\" data-end=\"2614\">M\u00e0rqueting directe i cookies<\/strong>: Complim la normativa vigent sobre publicitat i cookies.<\/p><\/li><\/ul><hr data-start=\"2673\" data-end=\"2676\" \/><p data-start=\"2678\" data-end=\"2742\"><strong data-start=\"2682\" data-end=\"2742\">4. RECOLLIDA I TRACTAMENT DE LES VOSTRES DADES PERSONALS<\/strong><\/p><p data-start=\"2744\" data-end=\"2802\">Els tipus de dades que es poden sol\u00b7licitar i tractar s\u00f3n:<\/p><ul data-start=\"2804\" data-end=\"2828\"><li data-start=\"2804\" data-end=\"2828\"><p data-start=\"2806\" data-end=\"2828\">Dades identificatives.<\/p><\/li><\/ul><p data-start=\"2830\" data-end=\"2950\">Tamb\u00e9 recollim autom\u00e0ticament dades sobre la vostra visita al nostre lloc web segons s\u2019explica a la pol\u00edtica de cookies.<\/p><p data-start=\"2952\" data-end=\"3101\">Sempre que sol\u00b7licitem dades personals, informarem clarament de quines dades recollim i amb quina finalitat. En general, les dades es recullen per a:<\/p><ul data-start=\"3103\" data-end=\"3213\"><li data-start=\"3103\" data-end=\"3183\"><p data-start=\"3105\" data-end=\"3183\">Proporcionar informaci\u00f3, serveis, productes, not\u00edcies i novetats del sector.<\/p><\/li><li data-start=\"3184\" data-end=\"3213\"><p data-start=\"3186\" data-end=\"3213\">Enviament de comunicacions.<\/p><\/li><\/ul><hr data-start=\"3215\" data-end=\"3218\" \/><p data-start=\"3220\" data-end=\"3242\"><strong data-start=\"3224\" data-end=\"3242\">5. LEGITIMACI\u00d3<\/strong><\/p><p data-start=\"3244\" data-end=\"3328\">Segons la normativa de protecci\u00f3 de dades, les vostres dades poden ser tractades si:<\/p><ul data-start=\"3330\" data-end=\"3664\"><li data-start=\"3330\" data-end=\"3409\"><p data-start=\"3332\" data-end=\"3409\">Ens heu donat el vostre consentiment. El podeu retirar en qualsevol moment.<\/p><\/li><li data-start=\"3410\" data-end=\"3443\"><p data-start=\"3412\" data-end=\"3443\">Existeix una obligaci\u00f3 legal.<\/p><\/li><li data-start=\"3444\" data-end=\"3588\"><p data-start=\"3446\" data-end=\"3588\">Hi ha un inter\u00e8s leg\u00edtim que no vulnera els vostres drets (per exemple, l\u2019enviament de comunicacions comercials com a subscriptor o client).<\/p><\/li><li data-start=\"3589\" data-end=\"3664\"><p data-start=\"3591\" data-end=\"3664\">\u00c9s necessari per a l\u2019execuci\u00f3 d\u2019un contracte entre vosaltres i nosaltres.<\/p><\/li><\/ul><hr data-start=\"3666\" data-end=\"3669\" \/><p data-start=\"3671\" data-end=\"3712\"><strong data-start=\"3675\" data-end=\"3712\">6. COMUNICACI\u00d3 DE DADES PERSONALS<\/strong><\/p><p data-start=\"3714\" data-end=\"3921\">Les dades poden ser comunicades a empreses vinculades a <strong data-start=\"3770\" data-end=\"3794\">Marketing Comline SL<\/strong> per a la prestaci\u00f3 de serveis com a Encarregades del Tractament. L\u2019empresa no realitzar\u00e0 cap cessi\u00f3, llevat d\u2019obligaci\u00f3 legal.<\/p><hr data-start=\"3923\" data-end=\"3926\" \/><p data-start=\"3928\" data-end=\"3956\"><strong data-start=\"3932\" data-end=\"3956\">7. ELS VOSTRES DRETS<\/strong><\/p><p data-start=\"3958\" data-end=\"4073\">En relaci\u00f3 amb el tractament de les vostres dades personals, podeu contactar amb nosaltres en qualsevol moment per:<\/p><ul data-start=\"4075\" data-end=\"4395\"><li data-start=\"4075\" data-end=\"4131\"><p data-start=\"4077\" data-end=\"4131\">Accedir a les vostres dades personals (Art. 15 RGPD)<\/p><\/li><li data-start=\"4132\" data-end=\"4191\"><p data-start=\"4134\" data-end=\"4191\">Rectificar dades inexactes o incompletes (Art. 16 RGPD)<\/p><\/li><li data-start=\"4192\" data-end=\"4248\"><p data-start=\"4194\" data-end=\"4248\">Sol\u00b7licitar la supressi\u00f3 de les dades (Art. 17 RGPD)<\/p><\/li><li data-start=\"4249\" data-end=\"4293\"><p data-start=\"4251\" data-end=\"4293\">Limitar el seu tractament (Art. 18 RGPD)<\/p><\/li><li data-start=\"4294\" data-end=\"4353\"><p data-start=\"4296\" data-end=\"4353\">Sol\u00b7licitar la portabilitat de les dades (Art. 20 RGPD)<\/p><\/li><li data-start=\"4354\" data-end=\"4395\"><p data-start=\"4356\" data-end=\"4395\">Oposar-vos al tractament (Art. 21 RGPD)<\/p><\/li><\/ul><p data-start=\"4397\" data-end=\"4533\">Si heu donat consentiment per a alguna finalitat, el podeu retirar en qualsevol moment sense afectar la licitud del tractament anterior.<\/p><p data-start=\"4535\" data-end=\"4628\">Podeu exercir aquests drets enviant una comunicaci\u00f3 motivada a: <strong data-start=\"4599\" data-end=\"4628\"><a class=\"cursor-pointer\" rel=\"noopener\" data-start=\"4601\" data-end=\"4626\">info@marketingcomline.com<\/a><\/strong><\/p><p data-start=\"4630\" data-end=\"4784\">Tamb\u00e9 teniu dret a presentar una reclamaci\u00f3 davant l\u2019Autoritat de Control (<a class=\"\" href=\"http:\/\/www.aepd.es\" target=\"_new\" rel=\"noopener\" data-start=\"4705\" data-end=\"4716\">www.aepd.es<\/a>) si considereu que el tractament no s\u2019ajusta a la normativa vigent.<\/p><hr data-start=\"4786\" data-end=\"4789\" \/><p data-start=\"4791\" data-end=\"4818\"><strong data-start=\"4795\" data-end=\"4818\">8. INFORMACI\u00d3 LEGAL<\/strong><\/p><p data-start=\"4820\" data-end=\"5003\">Els requisits d\u2019aquesta Pol\u00edtica complementen, per\u00f2 no substitueixen, qualsevol altra obligaci\u00f3 legal existent en mat\u00e8ria de protecci\u00f3 de dades, la qual prevaldr\u00e0 en cas de conflicte.<\/p><p data-start=\"5005\" data-end=\"5218\">Aquesta Pol\u00edtica est\u00e0 subjecta a revisions peri\u00f2diques i pot ser modificada per l\u2019empresa en qualsevol moment. En aquest cas, us notificarem els canvis i us demanarem que reviseu i accepteu la versi\u00f3 actualitzada.<\/p><hr data-start=\"5220\" data-end=\"5223\" \/><p>\u00a0<\/p><p><!-- \/wp:paragraph --><\/p>\t\t\t\t\t\t\t\t<\/div>\n\t\t\t\t<\/div>\n\t\t\t\t\t<\/div>\n\t\t\t\t<\/div>\n\t\t\t\t<\/div>\n\t\t","protected":false},"excerpt":{"rendered":"<p>1. INFORMACI\u00d3 A L\u2019USUARI Marketing Comline S.L., com a Responsable del Tractament, us informa que, segons el que disposa el Reglament (UE) 2016\/679, de 27 d\u2019abril (RGPD), i la Llei Org\u00e0nica 3\/2018, de 5 de desembre, de protecci\u00f3 de dades i garantia dels drets digitals (LOPDGDD), tractarem les vostres dades tal com es reflecteix en [&hellip;]<\/p>\n","protected":false},"author":1,"featured_media":0,"parent":0,"menu_order":0,"comment_status":"closed","ping_status":"closed","template":"elementor_header_footer","meta":{"om_disable_all_campaigns":false,"footnotes":""},"class_list":["post-2627","page","type-page","status-publish","hentry"],"aioseo_notices":[],"_links":{"self":[{"href":"https:\/\/marketingcomline.com\/ca\/wp-json\/wp\/v2\/pages\/2627","targetHints":{"allow":["GET"]}}],"collection":[{"href":"https:\/\/marketingcomline.com\/ca\/wp-json\/wp\/v2\/pages"}],"about":[{"href":"https:\/\/marketingcomline.com\/ca\/wp-json\/wp\/v2\/types\/page"}],"author":[{"embeddable":true,"href":"https:\/\/marketingcomline.com\/ca\/wp-json\/wp\/v2\/users\/1"}],"replies":[{"embeddable":true,"href":"https:\/\/marketingcomline.com\/ca\/wp-json\/wp\/v2\/comments?post=2627"}],"version-history":[{"count":5,"href":"https:\/\/marketingcomline.com\/ca\/wp-json\/wp\/v2\/pages\/2627\/revisions"}],"predecessor-version":[{"id":2735,"href":"https:\/\/marketingcomline.com\/ca\/wp-json\/wp\/v2\/pages\/2627\/revisions\/2735"}],"wp:attachment":[{"href":"https:\/\/marketingcomline.com\/ca\/wp-json\/wp\/v2\/media?parent=2627"}],"curies":[{"name":"wp","href":"https:\/\/api.w.org\/{rel}","templated":true}]}}